{"id":95,"date":"2022-01-27T10:58:29","date_gmt":"2022-01-27T10:58:29","guid":{"rendered":"http:\/\/cognito.mprinsdesign.nl\/?page_id=95"},"modified":"2024-09-11T07:09:56","modified_gmt":"2024-09-11T07:09:56","slug":"der-komplex","status":"publish","type":"page","link":"https:\/\/santaclara-marbella.com\/de\/der-komplex\/","title":{"rendered":"Villa Higueron"},"content":{"rendered":"<section class=\"wpb-content-wrapper\"><div  class=\"content_row row page-content vc_row wpb_row  default-style fullwidth\" >\n\t\n\t<div class=\"content_row_wrapper  default\" >\n\t<div id=\"asdasd\" class=\"vc_col-sm-12 wpb_column vc_column_container\" >\n\t<div class=\"vc_column-inner\">\n\t\t<div class=\"wpb_wrapper\" >\n\t\t\t<div class=\"rt_heading_wrapper no-style\">\n\t\t\t\t\t\t<h1 class=\"rt_heading  no-style\"  style=\"font-size:24px;margin-top:24px;margin-bottom:0px;\">Santa Clara - <span class=\"after_h1\">Marbella<\/span><\/h1> \n\t\t\t\t\t<\/div><div class=\"vc_empty_space\"   style=\"height: 32px\"><span class=\"vc_empty_space_inner\"><\/span><\/div><div class=\"vc_separator wpb_content_element vc_separator_align_center vc_sep_width_100 vc_sep_style-4 vc_sep_pos_align_center vc_separator_no_text vc_sep_color_grey\" ><span class=\"vc_sep_holder vc_sep_holder_l\"><span class=\"vc_sep_line\"><\/span><\/span><span class=\"vc_sep_holder vc_sep_holder_r\"><span class=\"vc_sep_line\"><\/span><\/span>\n<\/div><div class=\"vc_empty_space\"   style=\"height: 32px\"><span class=\"vc_empty_space_inner\"><\/span><\/div>\n\t<div class=\"wpb_text_column wpb_content_element\" >\n\t\t<div class=\"wpb_wrapper\">\n\t\t\t<div class=\"\">\n<p>Santa Clara ist ein hochmoderner neuer Komplex direkt an einem der sch\u00f6nsten Golfpl\u00e4tze an der Costa del Sol. Panoramablick auf den Golfplatz und das Meer. In der N\u00e4he der Altstadt von Marbella und 1 km von den sch\u00f6nsten Str\u00e4nden Marbellas entfernt.<\/p>\n<p>&nbsp;<\/p>\n<p><span style=\"font-weight: 400;\">STARTEN SIE DEN VERKAUF \u2013 PHASE 1\u00a0<\/span><\/p>\n<p>&nbsp;<\/p>\n<p><span style=\"font-weight: 400;\">Liegt in der ersten Reihe des Santa Clara Golf, mit Blick auf das Fairway 14. Insgesamt 104 H\u00e4user mit drei oder vier Schlafzimmern werden Ihre Erwartungen \u00fcbertreffen und Ihren Traum vom Leben in bester Lage erf\u00fcllen. Santa Clara Living liegt im \u00f6stlichen Teil von Marbella, nur wenige Kilometer vom Stadteingang entfernt. Fantastische Golfanlagen, erstklassige Bildungs- und Gesundheitseinrichtungen und zweifellos die besten Str\u00e4nde in Marbella. <\/span><\/p>\n<p><span style=\"font-weight: 400;\">Dank dieser privilegierten Lage haben Sie im Umkreis von 10 Minuten Zugang zu einer Vielzahl von Restaurants, Strandclubs und Freizeitzentren. Santa Clara Living verf\u00fcgt \u00fcber eine direkte Anbindung an die Autobahnen (A-7 und AP-7), die Sie nach Marbella und Puerto Ban\u00fas, zu verschiedenen Golfpl\u00e4tzen und in die \u00fcbrigen St\u00e4dte der Costa del Sol bringen. <\/span><\/p>\n<p><span style=\"font-weight: 400;\">Regionalflugh\u00e4fen in M\u00e1laga und Gibraltar bieten schnelle und einfache Verbindungen zu Zielen auf der ganzen Welt. Genie\u00dfen Sie eine lebendige Wohngegend voller M\u00f6glichkeiten. Dieser perfekt positionierte Komplex wurde so konzipiert, dass er ein Gef\u00fchl der Entspannung in einem offenen Raum vermittelt. Immobilien bieten eine Auswahl an Ansichten; Genie\u00dfen Sie die langen Sommerabende in Erdgeschossimmobilien mit gro\u00dfen Terrassen und spektakul\u00e4ren G\u00e4rten oder spektakul\u00e4ren Penthouse-Wohnungen mit atemberaubendem Panoramablick \u00fcber den Golfplatz und die Umgebung. <\/span><\/p>\n<p><span style=\"font-weight: 400;\">Zeitgen\u00f6ssisches Design und hohe Qualit\u00e4t in einer geschlossenen Anlage vor dem Golfplatz mit wundersch\u00f6n angelegten G\u00e4rten mit alten Pinien und gro\u00dfen Au\u00dfenbereichen f\u00fcr Familienspa\u00df mit gr\u00f6\u00dftm\u00f6glicher Privatsph\u00e4re. Die modernen und stilvollen Sport- und Freizeiteinrichtungen im Herzen von Santa Clara Living werden zweifellos einen gro\u00dfen Teil Ihrer Zeit in Anspruch nehmen. Aber es geht nicht nur darum, sich um Ihren K\u00f6rper zu k\u00fcmmern, wir wissen, dass Sie nach einem Ort suchen, an dem Sie der Hektik des Alltags entfliehen k\u00f6nnen. Santa Clara Living hat versucht, das offene Gef\u00fchl der nat\u00fcrlichen Umgebung in die Gestaltung jedes Hauses zu integrieren. <\/span><\/p>\n<p><span style=\"font-weight: 400;\">Au\u00dfergew\u00f6hnlich ger\u00e4umige kombinierte Wohnbereiche verst\u00e4rken das Gef\u00fchl der Integration und Harmonie mit der \u00f6rtlichen Umgebung. Gro\u00dfe Porzellanfliesenb\u00f6den, kombinierte Wohn- und K\u00fcchenbereiche sowie gro\u00dfe Fenster in beiden Schlafzimmern und im Wohnzimmer profitieren zu jeder Tageszeit von nat\u00fcrlichem Licht. Spektakul\u00e4re Terrassen eignen sich perfekt zum Essen im Freien und zum Entspannen in bester Gesellschaft. K\u00fcchen sind als integraler Bestandteil des Wohnraums konzipiert, um einen hellen und ger\u00e4umigen Wohnraum zu schaffen, der den ganzen Tag \u00fcber genutzt werden kann. Die Spezifikationen spiegeln die Qualit\u00e4t wider, die Sie von einem solchen High-End-Projekt erwarten w\u00fcrden, mit Quarzarbeitsplatten, Einbauger\u00e4ten und integrierter LED-Beleuchtung f\u00fcr W\u00e4rme und Eleganz. In den Badezimmern spiegelt die Eleganz der gro\u00dfen Porzellanfliesen unser umfassendes Engagement f\u00fcr Qualit\u00e4t und Design wider.\u00a0<\/span><\/p>\n<ul>\n<li style=\"font-weight: 400;\" aria-level=\"1\"><span style=\"font-weight: 400;\">Gartenvillen mit 3 Schlafzimmern und 3,5 B\u00e4dern haben eine Wohnfl\u00e4che von 140 m\u00b2 plus 66 m\u00b2 Terrasse plus 123 m\u00b2 Garten. Ab 1.100.000 Euro.\u00a0<\/span><\/li>\n<li style=\"font-weight: 400;\" aria-level=\"1\"><span style=\"font-weight: 400;\">Penth\u00e4user mit 3 Schlafzimmern und 3,5 B\u00e4dern haben eine Wohnfl\u00e4che von 150 m\u00b2 plus 45 m\u00b2 Terrasse vom Wohnzimmer und 50 m\u00b2 Dachterrasse. Ab 1.180.000 Euro.\u00a0<\/span><\/li>\n<li style=\"font-weight: 400;\" aria-level=\"1\"><span style=\"font-weight: 400;\">Gartenvillen mit 4 Schlafzimmern und 3,5 B\u00e4dern sind 214 m\u00b2 gro\u00df, plus 80 m\u00b2 Terrasse vom Wohnzimmer und 280 m\u00b2 Garten. Ab 1.300.000 Euro.\u00a0<\/span><\/li>\n<li style=\"font-weight: 400;\" aria-level=\"1\"><span style=\"font-weight: 400;\">Penth\u00e4user mit 4 Schlafzimmern und 3,5 B\u00e4dern haben eine Wohnfl\u00e4che von 175 m\u00b2 plus 53 m\u00b2 Terrasse vom Wohnzimmer und 65 m\u00b2 Dachterrasse. Ab 1.360.000 Euro.<\/span><\/li>\n<\/ul>\n<p>&nbsp;<\/p>\n<\/div>\n\n\t\t<\/div>\n\t<\/div>\n\n\t\t<\/div>\n\t<\/div>\n\t<\/div>\n\n<\/div>\n<\/div>\n\n<div  class=\"content_row row page-content vc_row wpb_row  default-style fullwidth\" style=\"background-color: #bbac8c;\">\n\t\n\t<div class=\"content_row_wrapper  default\" >\n\t<div id=\"asdasd\" class=\"vc_col-sm-12 wpb_column vc_column_container\" >\n\t<div class=\"vc_column-inner\">\n\t\t<div class=\"wpb_wrapper\" >\n\t\t\t<div class=\"rt_heading_wrapper no-style\">\n\t\t\t\t\t\t<h1 class=\"rt_heading  no-style\"  style=\"font-size:24px;margin-top:24px;margin-bottom:0px;\">Merkmale - <span class=\"after_h1 white\">Villa Higueron<\/span><\/h1> \n\t\t\t\t\t<\/div><div class=\"vc_empty_space\"   style=\"height: 32px\"><span class=\"vc_empty_space_inner\"><\/span><\/div><div class=\"vc_separator wpb_content_element vc_separator_align_center vc_sep_width_100 vc_sep_style-4 vc_sep_pos_align_center vc_separator_no_text vc_sep_color_grey\" ><span class=\"vc_sep_holder vc_sep_holder_l\"><span class=\"vc_sep_line\"><\/span><\/span><span class=\"vc_sep_holder vc_sep_holder_r\"><span class=\"vc_sep_line\"><\/span><\/span>\n<\/div>\n\t<div class=\"wpb_text_column wpb_content_element\" >\n\t\t<div class=\"wpb_wrapper\">\n\t\t\t\t \n\t\t<div  class=\"bullet-list style-1  check\">\n\t\t<ul>\n<li>Gartenvillen<\/li>\n<li>Penth\u00e4user<\/li>\n<li>spektakul\u00e4re Terrassen<\/li>\n<li><span style=\"font-weight: 400;\">hochwertige Ausstattung<\/span><\/li>\n<li>Preise ab 959.000 \u20ac.<\/li>\n<\/ul>\n\n\t\t<\/div>\n\t\n\n\t\t<\/div>\n\t<\/div>\n\n\t\t<\/div>\n\t<\/div>\n\t<\/div>\n\n<\/div>\n<\/div>\n\n<div  class=\"content_row row quote-row vc_row wpb_row  default-style fullwidth\" style=\"background-color: #fcfcfc;\">\n\t\n\t<div class=\"content_row_wrapper  fullwidth\" >\n\t<div id=\"asdasd\" class=\"vc_col-sm-12 wpb_column vc_column_container vc_custom_1644925648982\" >\n\t<div class=\"vc_column-inner\">\n\t\t<div class=\"wpb_wrapper\" >\n\t\t\t<div class=\"rt_heading_wrapper style-3\">\n\t\t\t\t\t\t<h4 class=\"rt_heading serif quote-max-width style-3\" >Informationspaket Santa Clara Marbella <a href=\"https:\/\/new.minisites.casadelmar.nl\/meer-informatie\/\"> Fordern Sie Prospekt und Preisliste an <\/a><\/h4> \n\t\t\t\t\t<\/div>\n\t\t<\/div>\n\t<\/div>\n\t<\/div>\n\n<\/div>\n<\/div>\n\n<div  class=\"content_row row vc_row wpb_row  default-style fullwidth\" >\n\t\n\t<div class=\"content_row_wrapper  default\" >\n\t<div id=\"asdasd\" class=\"vc_col-sm-12 wpb_column vc_column_container\" >\n\t<div class=\"vc_column-inner\">\n\t\t<div class=\"wpb_wrapper\" >\n\t\t\t<div class=\"button_wrapper aligncenter\"><a  href=\"\/de\/mehr-informationen\/\" target=\"_self\" title=\"&gt; mehr Infos\" class=\"button_  style-2 small\">&gt; mehr Infos<\/a><\/div>\n\t\t<\/div>\n\t<\/div>\n\t<\/div>\n\n<\/div>\n<\/div>\n<\/section>","protected":false},"excerpt":{"rendered":"<p>\u2026 <a class=\"more-link\" href=\"https:\/\/santaclara-marbella.com\/de\/der-komplex\/\">Weiterlesen<\/a><\/p>","protected":false},"author":1,"featured_media":4402,"parent":0,"menu_order":3,"comment_status":"closed","ping_status":"closed","template":"","meta":{"footnotes":""},"class_list":["post-95","page","type-page","status-publish","has-post-thumbnail","hentry"],"yoast_head":"<!-- This site is optimized with the Yoast SEO plugin v26.0 - https:\/\/yoast.com\/wordpress\/plugins\/seo\/ -->\n<title>Villas Higueron - Santa Clara Marbella<\/title>\n<meta name=\"robots\" content=\"index, follow, max-snippet:-1, max-image-preview:large, max-video-preview:-1\" \/>\n<link rel=\"canonical\" href=\"https:\/\/santaclara-marbella.com\/de\/der-komplex\/\" \/>\n<meta property=\"og:locale\" content=\"de_DE\" \/>\n<meta property=\"og:type\" content=\"article\" \/>\n<meta property=\"og:title\" content=\"Villas Higueron - Santa Clara Marbella\" \/>\n<meta property=\"og:url\" content=\"https:\/\/santaclara-marbella.com\/de\/der-komplex\/\" \/>\n<meta property=\"og:site_name\" content=\"Santa Clara Marbella\" \/>\n<meta property=\"article:modified_time\" content=\"2024-09-11T07:09:56+00:00\" \/>\n<meta property=\"og:image\" content=\"https:\/\/santaclara-marbella.com\/wp-content\/uploads\/sites\/29\/2022\/10\/santa-clara-marbella-terraces.jpg\" \/>\n\t<meta property=\"og:image:width\" content=\"1271\" \/>\n\t<meta property=\"og:image:height\" content=\"850\" \/>\n\t<meta property=\"og:image:type\" content=\"image\/jpeg\" \/>\n<meta name=\"twitter:card\" content=\"summary_large_image\" \/>\n<meta name=\"twitter:label1\" content=\"Gesch\u00e4tzte Lesezeit\" \/>\n\t<meta name=\"twitter:data1\" content=\"5\u00a0Minuten\" \/>\n<script type=\"application\/ld+json\" class=\"yoast-schema-graph\">{\"@context\":\"https:\/\/schema.org\",\"@graph\":[{\"@type\":\"WebPage\",\"@id\":\"https:\/\/santaclara-marbella.com\/het-complex\/\",\"url\":\"https:\/\/santaclara-marbella.com\/het-complex\/\",\"name\":\"Villas Higueron - Santa Clara Marbella\",\"isPartOf\":{\"@id\":\"https:\/\/santaclara-marbella.com\/#website\"},\"primaryImageOfPage\":{\"@id\":\"https:\/\/santaclara-marbella.com\/het-complex\/#primaryimage\"},\"image\":{\"@id\":\"https:\/\/santaclara-marbella.com\/het-complex\/#primaryimage\"},\"thumbnailUrl\":\"https:\/\/santaclara-marbella.com\/wp-content\/uploads\/sites\/29\/2022\/10\/santa-clara-marbella-terraces.jpg\",\"datePublished\":\"2022-01-27T10:58:29+00:00\",\"dateModified\":\"2024-09-11T07:09:56+00:00\",\"breadcrumb\":{\"@id\":\"https:\/\/santaclara-marbella.com\/het-complex\/#breadcrumb\"},\"inLanguage\":\"de\",\"potentialAction\":[{\"@type\":\"ReadAction\",\"target\":[\"https:\/\/santaclara-marbella.com\/het-complex\/\"]}]},{\"@type\":\"ImageObject\",\"inLanguage\":\"de\",\"@id\":\"https:\/\/santaclara-marbella.com\/het-complex\/#primaryimage\",\"url\":\"https:\/\/santaclara-marbella.com\/wp-content\/uploads\/sites\/29\/2022\/10\/santa-clara-marbella-terraces.jpg\",\"contentUrl\":\"https:\/\/santaclara-marbella.com\/wp-content\/uploads\/sites\/29\/2022\/10\/santa-clara-marbella-terraces.jpg\",\"width\":1271,\"height\":850},{\"@type\":\"BreadcrumbList\",\"@id\":\"https:\/\/santaclara-marbella.com\/het-complex\/#breadcrumb\",\"itemListElement\":[{\"@type\":\"ListItem\",\"position\":1,\"name\":\"Home\",\"item\":\"https:\/\/santaclara-marbella.com\/\"},{\"@type\":\"ListItem\",\"position\":2,\"name\":\"Villas Higueron\"}]},{\"@type\":\"WebSite\",\"@id\":\"https:\/\/santaclara-marbella.com\/#website\",\"url\":\"https:\/\/santaclara-marbella.com\/\",\"name\":\"Santa Clara Marbella\",\"description\":\"\",\"potentialAction\":[{\"@type\":\"SearchAction\",\"target\":{\"@type\":\"EntryPoint\",\"urlTemplate\":\"https:\/\/santaclara-marbella.com\/?s={search_term_string}\"},\"query-input\":{\"@type\":\"PropertyValueSpecification\",\"valueRequired\":true,\"valueName\":\"search_term_string\"}}],\"inLanguage\":\"de\"}]}<\/script>\n<!-- \/ Yoast SEO plugin. -->","yoast_head_json":{"title":"Villen Higueron - Santa Clara Marbella","robots":{"index":"index","follow":"follow","max-snippet":"max-snippet:-1","max-image-preview":"max-image-preview:large","max-video-preview":"max-video-preview:-1"},"canonical":"https:\/\/santaclara-marbella.com\/de\/der-komplex\/","og_locale":"de_DE","og_type":"article","og_title":"Villas Higueron - Santa Clara Marbella","og_url":"https:\/\/santaclara-marbella.com\/de\/der-komplex\/","og_site_name":"Santa Clara Marbella","article_modified_time":"2024-09-11T07:09:56+00:00","og_image":[{"width":1271,"height":850,"url":"https:\/\/santaclara-marbella.com\/wp-content\/uploads\/sites\/29\/2022\/10\/santa-clara-marbella-terraces.jpg","type":"image\/jpeg"}],"twitter_card":"summary_large_image","twitter_misc":{"Gesch\u00e4tzte Lesezeit":"5\u00a0Minuten"},"schema":{"@context":"https:\/\/schema.org","@graph":[{"@type":"WebPage","@id":"https:\/\/santaclara-marbella.com\/het-complex\/","url":"https:\/\/santaclara-marbella.com\/het-complex\/","name":"Villen Higueron - Santa Clara Marbella","isPartOf":{"@id":"https:\/\/santaclara-marbella.com\/#website"},"primaryImageOfPage":{"@id":"https:\/\/santaclara-marbella.com\/het-complex\/#primaryimage"},"image":{"@id":"https:\/\/santaclara-marbella.com\/het-complex\/#primaryimage"},"thumbnailUrl":"https:\/\/santaclara-marbella.com\/wp-content\/uploads\/sites\/29\/2022\/10\/santa-clara-marbella-terraces.jpg","datePublished":"2022-01-27T10:58:29+00:00","dateModified":"2024-09-11T07:09:56+00:00","breadcrumb":{"@id":"https:\/\/santaclara-marbella.com\/het-complex\/#breadcrumb"},"inLanguage":"de","potentialAction":[{"@type":"ReadAction","target":["https:\/\/santaclara-marbella.com\/het-complex\/"]}]},{"@type":"ImageObject","inLanguage":"de","@id":"https:\/\/santaclara-marbella.com\/het-complex\/#primaryimage","url":"https:\/\/santaclara-marbella.com\/wp-content\/uploads\/sites\/29\/2022\/10\/santa-clara-marbella-terraces.jpg","contentUrl":"https:\/\/santaclara-marbella.com\/wp-content\/uploads\/sites\/29\/2022\/10\/santa-clara-marbella-terraces.jpg","width":1271,"height":850},{"@type":"BreadcrumbList","@id":"https:\/\/santaclara-marbella.com\/het-complex\/#breadcrumb","itemListElement":[{"@type":"ListItem","position":1,"name":"Home","item":"https:\/\/santaclara-marbella.com\/"},{"@type":"ListItem","position":2,"name":"Villas Higueron"}]},{"@type":"WebSite","@id":"https:\/\/santaclara-marbella.com\/#website","url":"https:\/\/santaclara-marbella.com\/","name":"Santa Clara Marbella","description":"","potentialAction":[{"@type":"SearchAction","target":{"@type":"EntryPoint","urlTemplate":"https:\/\/santaclara-marbella.com\/?s={search_term_string}"},"query-input":{"@type":"PropertyValueSpecification","valueRequired":true,"valueName":"search_term_string"}}],"inLanguage":"de"}]}},"_links":{"self":[{"href":"https:\/\/santaclara-marbella.com\/de\/wp-json\/wp\/v2\/pages\/95","targetHints":{"allow":["GET"]}}],"collection":[{"href":"https:\/\/santaclara-marbella.com\/de\/wp-json\/wp\/v2\/pages"}],"about":[{"href":"https:\/\/santaclara-marbella.com\/de\/wp-json\/wp\/v2\/types\/page"}],"author":[{"embeddable":true,"href":"https:\/\/santaclara-marbella.com\/de\/wp-json\/wp\/v2\/users\/1"}],"replies":[{"embeddable":true,"href":"https:\/\/santaclara-marbella.com\/de\/wp-json\/wp\/v2\/comments?post=95"}],"version-history":[{"count":56,"href":"https:\/\/santaclara-marbella.com\/de\/wp-json\/wp\/v2\/pages\/95\/revisions"}],"predecessor-version":[{"id":4423,"href":"https:\/\/santaclara-marbella.com\/de\/wp-json\/wp\/v2\/pages\/95\/revisions\/4423"}],"wp:featuredmedia":[{"embeddable":true,"href":"https:\/\/santaclara-marbella.com\/de\/wp-json\/wp\/v2\/media\/4402"}],"wp:attachment":[{"href":"https:\/\/santaclara-marbella.com\/de\/wp-json\/wp\/v2\/media?parent=95"}],"curies":[{"name":"wp","href":"https:\/\/api.w.org\/{rel}","templated":true}]}}