{"id":95,"date":"2022-01-27T10:58:29","date_gmt":"2022-01-27T10:58:29","guid":{"rendered":"http:\/\/cognito.mprinsdesign.nl\/?page_id=95"},"modified":"2024-09-11T07:09:56","modified_gmt":"2024-09-11T07:09:56","slug":"el-complejo","status":"publish","type":"page","link":"https:\/\/santaclara-marbella.com\/es\/el-complejo\/","title":{"rendered":"Villa Higuer\u00f3n"},"content":{"rendered":"<section class=\"wpb-content-wrapper\"><div  class=\"content_row row page-content vc_row wpb_row  default-style fullwidth\" >\n\t\n\t<div class=\"content_row_wrapper  default\" >\n\t<div id=\"asdasd\" class=\"vc_col-sm-12 wpb_column vc_column_container\" >\n\t<div class=\"vc_column-inner\">\n\t\t<div class=\"wpb_wrapper\" >\n\t\t\t<div class=\"rt_heading_wrapper no-style\">\n\t\t\t\t\t\t<h1 class=\"rt_heading  no-style\"  style=\"font-size:24px;margin-top:24px;margin-bottom:0px;\">Santa Clara - <span class=\"after_h1\">marbella<\/span><\/h1> \n\t\t\t\t\t<\/div><div class=\"vc_empty_space\"   style=\"height: 32px\"><span class=\"vc_empty_space_inner\"><\/span><\/div><div class=\"vc_separator wpb_content_element vc_separator_align_center vc_sep_width_100 vc_sep_style-4 vc_sep_pos_align_center vc_separator_no_text vc_sep_color_grey\" ><span class=\"vc_sep_holder vc_sep_holder_l\"><span class=\"vc_sep_line\"><\/span><\/span><span class=\"vc_sep_holder vc_sep_holder_r\"><span class=\"vc_sep_line\"><\/span><\/span>\n<\/div><div class=\"vc_empty_space\"   style=\"height: 32px\"><span class=\"vc_empty_space_inner\"><\/span><\/div>\n\t<div class=\"wpb_text_column wpb_content_element\" >\n\t\t<div class=\"wpb_wrapper\">\n\t\t\t<div class=\"\">\n<p>Santa Clara es un nuevo complejo de \u00faltima generaci\u00f3n justo en uno de los mejores campos de golf de la Costa del Sol. Vistas panor\u00e1micas al golf y al mar. Cerca del casco antiguo de Marbella ya 1 km de las playas m\u00e1s bonitas de Marbella.<\/p>\n<p>&nbsp;<\/p>\n<p><span style=\"font-weight: 400;\">INICIO DE VENTAS \u2013 FASE 1\u00a0<\/span><\/p>\n<p>&nbsp;<\/p>\n<p><span style=\"font-weight: 400;\">Situado en primera l\u00ednea de Santa Clara Golf, con vistas a la calle 14. Un total de 104 viviendas de tres y cuatro dormitorios superar\u00e1n tus expectativas y cumplir\u00e1n tu sue\u00f1o de vivir los mejores momentos en la mejor ubicaci\u00f3n posible. Santa Clara Living se encuentra en la zona este de Marbella, a pocos kil\u00f3metros de la entrada a la ciudad. Fant\u00e1sticos complejos de golf, instalaciones educativas y sanitarias de primer nivel y, sin duda, las mejores playas de Marbella. <\/span><\/p>\n<p><span style=\"font-weight: 400;\">Esta ubicaci\u00f3n privilegiada te da acceso a una gran variedad de restaurantes, beach clubs y centros de ocio en un radio de 10 minutos. Santa Clara Living tiene acceso directo a las autopistas (A-7 y AP-7) que te llevan a Marbella y Puerto Ban\u00fas, a una gran variedad de campos de golf y al resto de localidades de la Costa del Sol. <\/span><\/p>\n<p><span style=\"font-weight: 400;\">Los aeropuertos regionales de M\u00e1laga y Gibraltar ofrecen conexiones r\u00e1pidas y sencillas a destinos de todo el mundo. Disfruta de una zona residencial animada y llena de posibilidades. Este complejo perfectamente ubicado ha sido dise\u00f1ado para brindar una sensaci\u00f3n de relajaci\u00f3n en un espacio abierto. Las propiedades ofrecen una selecci\u00f3n de vistas; puedes disfrutar de las largas tardes de verano en bajos con amplias terrazas y espectaculares jardines o espectaculares \u00e1ticos con impresionantes vistas panor\u00e1micas al campo de golf y sus alrededores. <\/span><\/p>\n<p><span style=\"font-weight: 400;\">Dise\u00f1o contempor\u00e1neo y alta calidad en un complejo cerrado en primera l\u00ednea de campo de golf con hermosos jardines con pinos centenarios y amplias \u00e1reas al aire libre para la diversi\u00f3n familiar con el mayor nivel de privacidad posible. Las modernas y elegantes instalaciones deportivas y de ocio en el coraz\u00f3n de Santa Clara Living sin duda ocupar\u00e1n gran parte de su tiempo. Pero no se trata solo de cuidar tu cuerpo, sabemos que est\u00e1s buscando un lugar para escapar del ajetreo y el bullicio de la vida cotidiana. Santa Clara Living ha tratado de traer la sensaci\u00f3n abierta del entorno natural al dise\u00f1o de cada hogar. <\/span><\/p>\n<p><span style=\"font-weight: 400;\">Las \u00e1reas de estar combinadas excepcionalmente espaciosas mejoran la sensaci\u00f3n de integraci\u00f3n y armon\u00eda con el entorno local. Los grandes pisos de porcelanato, las \u00e1reas combinadas de sala y cocina y los grandes ventanales en los dormitorios y la sala se benefician de la luz natural en todo momento del d\u00eda. Las espectaculares terrazas son perfectas para cenar al aire libre y relajarse en la mejor compa\u00f1\u00eda. Las cocinas est\u00e1n dise\u00f1adas como una parte integral del espacio habitable para crear un espacio habitable amplio y luminoso que se puede utilizar durante todo el d\u00eda. Las especificaciones reflejan la calidad que esperar\u00eda de un proyecto tan lujoso, con encimeras de cuarzo, electrodom\u00e9sticos empotrados e iluminaci\u00f3n LED integrada para brindar calidez y sofisticaci\u00f3n. En los ba\u00f1os, la elegancia de los grandes porcel\u00e1nicos refleja nuestra apuesta global por la calidad y el dise\u00f1o.\u00a0<\/span><\/p>\n<ul>\n<li style=\"font-weight: 400;\" aria-level=\"1\"><span style=\"font-weight: 400;\">Las villas jard\u00edn de 3 dormitorios y 3,5 ba\u00f1os tienen 140 m\u00b2 construidos m\u00e1s 66 m\u00b2 de terraza m\u00e1s 123 m\u00b2 de jard\u00edn. Desde 1.100.000 euros.\u00a0<\/span><\/li>\n<li style=\"font-weight: 400;\" aria-level=\"1\"><span style=\"font-weight: 400;\">Los \u00e1ticos de 3 dormitorios y 3,5 ba\u00f1os tienen 150 m\u00b2 construidos m\u00e1s 45 m\u00b2 de terraza desde el sal\u00f3n y 50 m\u00b2 de azotea. Desde 1.180.000 euros.\u00a0<\/span><\/li>\n<li style=\"font-weight: 400;\" aria-level=\"1\"><span style=\"font-weight: 400;\">Las villas jard\u00edn de 4 dormitorios y 3,5 ba\u00f1os tienen 214 m\u00b2 m\u00e1s 80 m\u00b2 de terraza desde el sal\u00f3n y 280 m\u00b2 de jard\u00edn. Desde 1.300.000 euros.\u00a0<\/span><\/li>\n<li style=\"font-weight: 400;\" aria-level=\"1\"><span style=\"font-weight: 400;\">Los \u00e1ticos de 4 dormitorios y 3,5 ba\u00f1os tienen 175 m\u00b2 construidos m\u00e1s 53 m\u00b2 de terraza desde el sal\u00f3n y 65 m\u00b2 de azotea. Desde 1.360.000 euros.<\/span><\/li>\n<\/ul>\n<p>&nbsp;<\/p>\n<\/div>\n\n\t\t<\/div>\n\t<\/div>\n\n\t\t<\/div>\n\t<\/div>\n\t<\/div>\n\n<\/div>\n<\/div>\n\n<div  class=\"content_row row page-content vc_row wpb_row  default-style fullwidth\" style=\"background-color: #bbac8c;\">\n\t\n\t<div class=\"content_row_wrapper  default\" >\n\t<div id=\"asdasd\" class=\"vc_col-sm-12 wpb_column vc_column_container\" >\n\t<div class=\"vc_column-inner\">\n\t\t<div class=\"wpb_wrapper\" >\n\t\t\t<div class=\"rt_heading_wrapper no-style\">\n\t\t\t\t\t\t<h1 class=\"rt_heading  no-style\"  style=\"font-size:24px;margin-top:24px;margin-bottom:0px;\">Caracter\u00edsticas - <span class=\"after_h1 white\">Villa Higuer\u00f3n<\/span><\/h1> \n\t\t\t\t\t<\/div><div class=\"vc_empty_space\"   style=\"height: 32px\"><span class=\"vc_empty_space_inner\"><\/span><\/div><div class=\"vc_separator wpb_content_element vc_separator_align_center vc_sep_width_100 vc_sep_style-4 vc_sep_pos_align_center vc_separator_no_text vc_sep_color_grey\" ><span class=\"vc_sep_holder vc_sep_holder_l\"><span class=\"vc_sep_line\"><\/span><\/span><span class=\"vc_sep_holder vc_sep_holder_r\"><span class=\"vc_sep_line\"><\/span><\/span>\n<\/div>\n\t<div class=\"wpb_text_column wpb_content_element\" >\n\t\t<div class=\"wpb_wrapper\">\n\t\t\t\t \n\t\t<div  class=\"bullet-list style-1  check\">\n\t\t<ul>\n<li>villas con jard\u00edn<\/li>\n<li>\u00e1ticos<\/li>\n<li>espectaculares terrazas<\/li>\n<li><span style=\"font-weight: 400;\">equipo de alta calidad<\/span><\/li>\n<li>precios desde 959.000\u20ac.<\/li>\n<\/ul>\n\n\t\t<\/div>\n\t\n\n\t\t<\/div>\n\t<\/div>\n\n\t\t<\/div>\n\t<\/div>\n\t<\/div>\n\n<\/div>\n<\/div>\n\n<div  class=\"content_row row quote-row vc_row wpb_row  default-style fullwidth\" style=\"background-color: #fcfcfc;\">\n\t\n\t<div class=\"content_row_wrapper  fullwidth\" >\n\t<div id=\"asdasd\" class=\"vc_col-sm-12 wpb_column vc_column_container vc_custom_1644925648982\" >\n\t<div class=\"vc_column-inner\">\n\t\t<div class=\"wpb_wrapper\" >\n\t\t\t<div class=\"rt_heading_wrapper style-3\">\n\t\t\t\t\t\t<h4 class=\"rt_heading serif quote-max-width style-3\" >Paquete informativo Santa Clara Marbella <a href=\"https:\/\/new.minisites.casadelmar.nl\/meer-informatie\/\"> Solicitar folleto y lista de precios <\/a><\/h4> \n\t\t\t\t\t<\/div>\n\t\t<\/div>\n\t<\/div>\n\t<\/div>\n\n<\/div>\n<\/div>\n\n<div  class=\"content_row row vc_row wpb_row  default-style fullwidth\" >\n\t\n\t<div class=\"content_row_wrapper  default\" >\n\t<div id=\"asdasd\" class=\"vc_col-sm-12 wpb_column vc_column_container\" >\n\t<div class=\"vc_column-inner\">\n\t\t<div class=\"wpb_wrapper\" >\n\t\t\t<div class=\"button_wrapper aligncenter\"><a  href=\"\/es\/mas-informacion\/\" target=\"_self\" title=\"&gt; m\u00e1s informaci\u00f3n\" class=\"button_  style-2 small\">&gt; m\u00e1s informaci\u00f3n<\/a><\/div>\n\t\t<\/div>\n\t<\/div>\n\t<\/div>\n\n<\/div>\n<\/div>\n<\/section>","protected":false},"excerpt":{"rendered":"<p>\u2026 <a class=\"more-link\" href=\"https:\/\/santaclara-marbella.com\/es\/el-complejo\/\">sigue leyendo<\/a><\/p>","protected":false},"author":1,"featured_media":4402,"parent":0,"menu_order":3,"comment_status":"closed","ping_status":"closed","template":"","meta":{"footnotes":""},"class_list":["post-95","page","type-page","status-publish","has-post-thumbnail","hentry"],"yoast_head":"<!-- This site is optimized with the Yoast SEO plugin v26.0 - https:\/\/yoast.com\/wordpress\/plugins\/seo\/ -->\n<title>Villas Higueron - Santa Clara Marbella<\/title>\n<meta name=\"robots\" content=\"index, follow, max-snippet:-1, max-image-preview:large, max-video-preview:-1\" \/>\n<link rel=\"canonical\" href=\"https:\/\/santaclara-marbella.com\/es\/el-complejo\/\" \/>\n<meta property=\"og:locale\" content=\"es_ES\" \/>\n<meta property=\"og:type\" content=\"article\" \/>\n<meta property=\"og:title\" content=\"Villas Higueron - Santa Clara Marbella\" \/>\n<meta property=\"og:url\" content=\"https:\/\/santaclara-marbella.com\/es\/el-complejo\/\" \/>\n<meta property=\"og:site_name\" content=\"Santa Clara Marbella\" \/>\n<meta property=\"article:modified_time\" content=\"2024-09-11T07:09:56+00:00\" \/>\n<meta property=\"og:image\" content=\"https:\/\/santaclara-marbella.com\/wp-content\/uploads\/sites\/29\/2022\/10\/santa-clara-marbella-terraces.jpg\" \/>\n\t<meta property=\"og:image:width\" content=\"1271\" \/>\n\t<meta property=\"og:image:height\" content=\"850\" \/>\n\t<meta property=\"og:image:type\" content=\"image\/jpeg\" \/>\n<meta name=\"twitter:card\" content=\"summary_large_image\" \/>\n<meta name=\"twitter:label1\" content=\"Tiempo de lectura\" \/>\n\t<meta name=\"twitter:data1\" content=\"5 minutos\" \/>\n<script type=\"application\/ld+json\" class=\"yoast-schema-graph\">{\"@context\":\"https:\/\/schema.org\",\"@graph\":[{\"@type\":\"WebPage\",\"@id\":\"https:\/\/santaclara-marbella.com\/het-complex\/\",\"url\":\"https:\/\/santaclara-marbella.com\/het-complex\/\",\"name\":\"Villas Higueron - Santa Clara Marbella\",\"isPartOf\":{\"@id\":\"https:\/\/santaclara-marbella.com\/#website\"},\"primaryImageOfPage\":{\"@id\":\"https:\/\/santaclara-marbella.com\/het-complex\/#primaryimage\"},\"image\":{\"@id\":\"https:\/\/santaclara-marbella.com\/het-complex\/#primaryimage\"},\"thumbnailUrl\":\"https:\/\/santaclara-marbella.com\/wp-content\/uploads\/sites\/29\/2022\/10\/santa-clara-marbella-terraces.jpg\",\"datePublished\":\"2022-01-27T10:58:29+00:00\",\"dateModified\":\"2024-09-11T07:09:56+00:00\",\"breadcrumb\":{\"@id\":\"https:\/\/santaclara-marbella.com\/het-complex\/#breadcrumb\"},\"inLanguage\":\"es\",\"potentialAction\":[{\"@type\":\"ReadAction\",\"target\":[\"https:\/\/santaclara-marbella.com\/het-complex\/\"]}]},{\"@type\":\"ImageObject\",\"inLanguage\":\"es\",\"@id\":\"https:\/\/santaclara-marbella.com\/het-complex\/#primaryimage\",\"url\":\"https:\/\/santaclara-marbella.com\/wp-content\/uploads\/sites\/29\/2022\/10\/santa-clara-marbella-terraces.jpg\",\"contentUrl\":\"https:\/\/santaclara-marbella.com\/wp-content\/uploads\/sites\/29\/2022\/10\/santa-clara-marbella-terraces.jpg\",\"width\":1271,\"height\":850},{\"@type\":\"BreadcrumbList\",\"@id\":\"https:\/\/santaclara-marbella.com\/het-complex\/#breadcrumb\",\"itemListElement\":[{\"@type\":\"ListItem\",\"position\":1,\"name\":\"Home\",\"item\":\"https:\/\/santaclara-marbella.com\/\"},{\"@type\":\"ListItem\",\"position\":2,\"name\":\"Villas Higueron\"}]},{\"@type\":\"WebSite\",\"@id\":\"https:\/\/santaclara-marbella.com\/#website\",\"url\":\"https:\/\/santaclara-marbella.com\/\",\"name\":\"Santa Clara Marbella\",\"description\":\"\",\"potentialAction\":[{\"@type\":\"SearchAction\",\"target\":{\"@type\":\"EntryPoint\",\"urlTemplate\":\"https:\/\/santaclara-marbella.com\/?s={search_term_string}\"},\"query-input\":{\"@type\":\"PropertyValueSpecification\",\"valueRequired\":true,\"valueName\":\"search_term_string\"}}],\"inLanguage\":\"es\"}]}<\/script>\n<!-- \/ Yoast SEO plugin. -->","yoast_head_json":{"title":"Villas Higuer\u00f3n - Santa Clara Marbella","robots":{"index":"index","follow":"follow","max-snippet":"max-snippet:-1","max-image-preview":"max-image-preview:large","max-video-preview":"max-video-preview:-1"},"canonical":"https:\/\/santaclara-marbella.com\/es\/el-complejo\/","og_locale":"es_ES","og_type":"article","og_title":"Villas Higueron - Santa Clara Marbella","og_url":"https:\/\/santaclara-marbella.com\/es\/el-complejo\/","og_site_name":"Santa Clara Marbella","article_modified_time":"2024-09-11T07:09:56+00:00","og_image":[{"width":1271,"height":850,"url":"https:\/\/santaclara-marbella.com\/wp-content\/uploads\/sites\/29\/2022\/10\/santa-clara-marbella-terraces.jpg","type":"image\/jpeg"}],"twitter_card":"summary_large_image","twitter_misc":{"Tiempo de lectura":"5 minutos"},"schema":{"@context":"https:\/\/schema.org","@graph":[{"@type":"WebPage","@id":"https:\/\/santaclara-marbella.com\/het-complex\/","url":"https:\/\/santaclara-marbella.com\/het-complex\/","name":"Villas Higuer\u00f3n - Santa Clara Marbella","isPartOf":{"@id":"https:\/\/santaclara-marbella.com\/#website"},"primaryImageOfPage":{"@id":"https:\/\/santaclara-marbella.com\/het-complex\/#primaryimage"},"image":{"@id":"https:\/\/santaclara-marbella.com\/het-complex\/#primaryimage"},"thumbnailUrl":"https:\/\/santaclara-marbella.com\/wp-content\/uploads\/sites\/29\/2022\/10\/santa-clara-marbella-terraces.jpg","datePublished":"2022-01-27T10:58:29+00:00","dateModified":"2024-09-11T07:09:56+00:00","breadcrumb":{"@id":"https:\/\/santaclara-marbella.com\/het-complex\/#breadcrumb"},"inLanguage":"es","potentialAction":[{"@type":"ReadAction","target":["https:\/\/santaclara-marbella.com\/het-complex\/"]}]},{"@type":"ImageObject","inLanguage":"es","@id":"https:\/\/santaclara-marbella.com\/het-complex\/#primaryimage","url":"https:\/\/santaclara-marbella.com\/wp-content\/uploads\/sites\/29\/2022\/10\/santa-clara-marbella-terraces.jpg","contentUrl":"https:\/\/santaclara-marbella.com\/wp-content\/uploads\/sites\/29\/2022\/10\/santa-clara-marbella-terraces.jpg","width":1271,"height":850},{"@type":"BreadcrumbList","@id":"https:\/\/santaclara-marbella.com\/het-complex\/#breadcrumb","itemListElement":[{"@type":"ListItem","position":1,"name":"Home","item":"https:\/\/santaclara-marbella.com\/"},{"@type":"ListItem","position":2,"name":"Villas Higueron"}]},{"@type":"WebSite","@id":"https:\/\/santaclara-marbella.com\/#website","url":"https:\/\/santaclara-marbella.com\/","name":"Santa Clara Marbella","description":"","potentialAction":[{"@type":"SearchAction","target":{"@type":"EntryPoint","urlTemplate":"https:\/\/santaclara-marbella.com\/?s={search_term_string}"},"query-input":{"@type":"PropertyValueSpecification","valueRequired":true,"valueName":"search_term_string"}}],"inLanguage":"es"}]}},"_links":{"self":[{"href":"https:\/\/santaclara-marbella.com\/es\/wp-json\/wp\/v2\/pages\/95","targetHints":{"allow":["GET"]}}],"collection":[{"href":"https:\/\/santaclara-marbella.com\/es\/wp-json\/wp\/v2\/pages"}],"about":[{"href":"https:\/\/santaclara-marbella.com\/es\/wp-json\/wp\/v2\/types\/page"}],"author":[{"embeddable":true,"href":"https:\/\/santaclara-marbella.com\/es\/wp-json\/wp\/v2\/users\/1"}],"replies":[{"embeddable":true,"href":"https:\/\/santaclara-marbella.com\/es\/wp-json\/wp\/v2\/comments?post=95"}],"version-history":[{"count":56,"href":"https:\/\/santaclara-marbella.com\/es\/wp-json\/wp\/v2\/pages\/95\/revisions"}],"predecessor-version":[{"id":4423,"href":"https:\/\/santaclara-marbella.com\/es\/wp-json\/wp\/v2\/pages\/95\/revisions\/4423"}],"wp:featuredmedia":[{"embeddable":true,"href":"https:\/\/santaclara-marbella.com\/es\/wp-json\/wp\/v2\/media\/4402"}],"wp:attachment":[{"href":"https:\/\/santaclara-marbella.com\/es\/wp-json\/wp\/v2\/media?parent=95"}],"curies":[{"name":"wp","href":"https:\/\/api.w.org\/{rel}","templated":true}]}}