{"id":95,"date":"2022-01-27T10:58:29","date_gmt":"2022-01-27T10:58:29","guid":{"rendered":"http:\/\/cognito.mprinsdesign.nl\/?page_id=95"},"modified":"2024-09-11T07:09:56","modified_gmt":"2024-09-11T07:09:56","slug":"le-complexe","status":"publish","type":"page","link":"https:\/\/santaclara-marbella.com\/fr\/le-complexe\/","title":{"rendered":"Villa Higueron"},"content":{"rendered":"<section class=\"wpb-content-wrapper\"><div  class=\"content_row row page-content vc_row wpb_row  default-style fullwidth\" >\n\t\n\t<div class=\"content_row_wrapper  default\" >\n\t<div id=\"asdasd\" class=\"vc_col-sm-12 wpb_column vc_column_container\" >\n\t<div class=\"vc_column-inner\">\n\t\t<div class=\"wpb_wrapper\" >\n\t\t\t<div class=\"rt_heading_wrapper no-style\">\n\t\t\t\t\t\t<h1 class=\"rt_heading  no-style\"  style=\"font-size:24px;margin-top:24px;margin-bottom:0px;\">Sainte-Clara \u2013 <span class=\"after_h1\">Marbella<\/span><\/h1> \n\t\t\t\t\t<\/div><div class=\"vc_empty_space\"   style=\"height: 32px\"><span class=\"vc_empty_space_inner\"><\/span><\/div><div class=\"vc_separator wpb_content_element vc_separator_align_center vc_sep_width_100 vc_sep_style-4 vc_sep_pos_align_center vc_separator_no_text vc_sep_color_grey\" ><span class=\"vc_sep_holder vc_sep_holder_l\"><span class=\"vc_sep_line\"><\/span><\/span><span class=\"vc_sep_holder vc_sep_holder_r\"><span class=\"vc_sep_line\"><\/span><\/span>\n<\/div><div class=\"vc_empty_space\"   style=\"height: 32px\"><span class=\"vc_empty_space_inner\"><\/span><\/div>\n\t<div class=\"wpb_text_column wpb_content_element\" >\n\t\t<div class=\"wpb_wrapper\">\n\t\t\t<div class=\"\">\n<p>Santa Clara est un nouveau complexe ultramoderne situ\u00e9 sur l&#039;un des plus beaux terrains de golf de la Costa del Sol. Vue panoramique sur le golf et la mer. Proche de la vieille ville de Marbella et \u00e0 1 km des plus belles plages de Marbella.<\/p>\n<p>&nbsp;<\/p>\n<p><span style=\"font-weight: 400;\">D\u00c9MARRER LES VENTES \u2013 PHASE 1\u00a0<\/span><\/p>\n<p>&nbsp;<\/p>\n<p><span style=\"font-weight: 400;\">Situ\u00e9 sur la premi\u00e8re ligne du golf de Santa Clara, surplombant le fairway 14. Un total de 104 maisons de trois et quatre chambres d\u00e9passeront vos attentes et r\u00e9aliseront votre r\u00eave de vivre les meilleurs moments dans le meilleur emplacement possible. Santa Clara Living est situ\u00e9e dans la partie orientale de Marbella, \u00e0 quelques kilom\u00e8tres seulement de l&#039;entr\u00e9e de la ville. Des complexes de golf fantastiques, des \u00e9tablissements d&#039;enseignement et de sant\u00e9 de premi\u00e8re classe et sans aucun doute les meilleures plages de Marbella. <\/span><\/p>\n<p><span style=\"font-weight: 400;\">Cette situation privil\u00e9gi\u00e9e vous donne acc\u00e8s \u00e0 une grande vari\u00e9t\u00e9 de restaurants, clubs de plage et centres de loisirs dans un rayon de 10 minutes. Santa Clara Living a un acc\u00e8s direct aux autoroutes (A-7 et AP-7) qui vous emm\u00e8nent \u00e0 Marbella et Puerto Ban\u00fas, une vari\u00e9t\u00e9 de terrains de golf et le reste des villes de la Costa del Sol. <\/span><\/p>\n<p><span style=\"font-weight: 400;\">Les a\u00e9roports r\u00e9gionaux de Malaga et de Gibraltar offrent des liaisons rapides et faciles vers des destinations du monde entier. Profitez d&#039;un quartier r\u00e9sidentiel anim\u00e9 plein de possibilit\u00e9s. Ce complexe parfaitement positionn\u00e9 a \u00e9t\u00e9 con\u00e7u pour procurer un sentiment de d\u00e9tente dans un espace ouvert. Les propri\u00e9t\u00e9s offrent un choix de vues; vous pouvez profiter des longues soir\u00e9es d&#039;\u00e9t\u00e9 dans des propri\u00e9t\u00e9s au rez-de-chauss\u00e9e avec de grandes terrasses et des jardins spectaculaires ou des appartements penthouse spectaculaires avec une vue panoramique \u00e0 couper le souffle sur le parcours de golf et les environs. <\/span><\/p>\n<p><span style=\"font-weight: 400;\">Design contemporain et de haute qualit\u00e9 dans un complexe ferm\u00e9 \u00e0 l&#039;avant du terrain de golf avec de magnifiques jardins paysagers avec des pins centenaires et de grands espaces ext\u00e9rieurs pour s&#039;amuser en famille avec le plus haut niveau d&#039;intimit\u00e9 possible. Les installations sportives et de loisirs modernes et \u00e9l\u00e9gantes au c\u0153ur de Santa Clara Living occuperont sans aucun doute une grande partie de votre temps. Mais il ne s&#039;agit pas seulement de prendre soin de votre corps, nous savons que vous cherchez un endroit pour \u00e9chapper \u00e0 l&#039;agitation de la vie quotidienne. Santa Clara Living a essay\u00e9 d&#039;apporter la sensation d&#039;ouverture de l&#039;environnement naturel dans la conception de chaque maison. <\/span><\/p>\n<p><span style=\"font-weight: 400;\">Des espaces de vie combin\u00e9s exceptionnellement spacieux renforcent le sentiment d&#039;int\u00e9gration et d&#039;harmonie avec l&#039;environnement local. Les grands planchers de carreaux de porcelaine, les espaces salon et cuisine combin\u00e9s et les grandes fen\u00eatres dans les chambres et le salon b\u00e9n\u00e9ficient de la lumi\u00e8re naturelle \u00e0 tout moment de la journ\u00e9e. Les terrasses spectaculaires sont parfaites pour manger en plein air et se d\u00e9tendre en bonne compagnie. Les cuisines sont con\u00e7ues comme faisant partie int\u00e9grante de l&#039;espace de vie pour cr\u00e9er un espace de vie lumineux et spacieux qui peut \u00eatre utilis\u00e9 tout au long de la journ\u00e9e. Les sp\u00e9cifications refl\u00e8tent la qualit\u00e9 que vous attendez d&#039;un tel projet haut de gamme, avec des comptoirs en quartz, des appareils encastr\u00e9s et un \u00e9clairage LED int\u00e9gr\u00e9 pour la chaleur et la sophistication. Dans les salles de bains, l&#039;\u00e9l\u00e9gance des grands carreaux de porcelaine refl\u00e8te notre engagement global envers la qualit\u00e9 et le design.\u00a0<\/span><\/p>\n<ul>\n<li style=\"font-weight: 400;\" aria-level=\"1\"><span style=\"font-weight: 400;\">Les villas avec jardin avec 3 chambres et 3,5 salles de bains font 140 m\u00b2 construits plus 66 m\u00b2 de terrasse et 123 m\u00b2 de jardin. A partir de 1 100 000 euros.\u00a0<\/span><\/li>\n<li style=\"font-weight: 400;\" aria-level=\"1\"><span style=\"font-weight: 400;\">Les penthouses avec 3 chambres et 3,5 salles de bains font 150 m\u00b2 construits plus 45 m\u00b2 de terrasse depuis le salon et 50 m\u00b2 de terrasse sur le toit. A partir de 1 180 000 euros.\u00a0<\/span><\/li>\n<li style=\"font-weight: 400;\" aria-level=\"1\"><span style=\"font-weight: 400;\">Les villas avec jardin avec 4 chambres et 3,5 salles de bains font 214 m\u00b2 plus 80 m\u00b2 de terrasse depuis le s\u00e9jour et 280 m\u00b2 de jardin. A partir de 1 300 000 euros.\u00a0<\/span><\/li>\n<li style=\"font-weight: 400;\" aria-level=\"1\"><span style=\"font-weight: 400;\">Les penthouses avec 4 chambres et 3,5 salles de bains font 175 m\u00b2 construits plus 53 m\u00b2 de terrasse depuis le salon et 65 m\u00b2 de terrasse sur le toit. A partir de 1 360 000 euros.<\/span><\/li>\n<\/ul>\n<p>&nbsp;<\/p>\n<\/div>\n\n\t\t<\/div>\n\t<\/div>\n\n\t\t<\/div>\n\t<\/div>\n\t<\/div>\n\n<\/div>\n<\/div>\n\n<div  class=\"content_row row page-content vc_row wpb_row  default-style fullwidth\" style=\"background-color: #bbac8c;\">\n\t\n\t<div class=\"content_row_wrapper  default\" >\n\t<div id=\"asdasd\" class=\"vc_col-sm-12 wpb_column vc_column_container\" >\n\t<div class=\"vc_column-inner\">\n\t\t<div class=\"wpb_wrapper\" >\n\t\t\t<div class=\"rt_heading_wrapper no-style\">\n\t\t\t\t\t\t<h1 class=\"rt_heading  no-style\"  style=\"font-size:24px;margin-top:24px;margin-bottom:0px;\">Caract\u00e9ristiques - <span class=\"after_h1 white\">Villa Higueron<\/span><\/h1> \n\t\t\t\t\t<\/div><div class=\"vc_empty_space\"   style=\"height: 32px\"><span class=\"vc_empty_space_inner\"><\/span><\/div><div class=\"vc_separator wpb_content_element vc_separator_align_center vc_sep_width_100 vc_sep_style-4 vc_sep_pos_align_center vc_separator_no_text vc_sep_color_grey\" ><span class=\"vc_sep_holder vc_sep_holder_l\"><span class=\"vc_sep_line\"><\/span><\/span><span class=\"vc_sep_holder vc_sep_holder_r\"><span class=\"vc_sep_line\"><\/span><\/span>\n<\/div>\n\t<div class=\"wpb_text_column wpb_content_element\" >\n\t\t<div class=\"wpb_wrapper\">\n\t\t\t\t \n\t\t<div  class=\"bullet-list style-1  check\">\n\t\t<ul>\n<li>villas de jardin<\/li>\n<li>penthouses<\/li>\n<li>des terrasses spectaculaires<\/li>\n<li><span style=\"font-weight: 400;\">\u00e9quipement de haute qualit\u00e9<\/span><\/li>\n<li>prix \u00e0 partir de 959 000 \u20ac.<\/li>\n<\/ul>\n\n\t\t<\/div>\n\t\n\n\t\t<\/div>\n\t<\/div>\n\n\t\t<\/div>\n\t<\/div>\n\t<\/div>\n\n<\/div>\n<\/div>\n\n<div  class=\"content_row row quote-row vc_row wpb_row  default-style fullwidth\" style=\"background-color: #fcfcfc;\">\n\t\n\t<div class=\"content_row_wrapper  fullwidth\" >\n\t<div id=\"asdasd\" class=\"vc_col-sm-12 wpb_column vc_column_container vc_custom_1644925648982\" >\n\t<div class=\"vc_column-inner\">\n\t\t<div class=\"wpb_wrapper\" >\n\t\t\t<div class=\"rt_heading_wrapper style-3\">\n\t\t\t\t\t\t<h4 class=\"rt_heading serif quote-max-width style-3\" >Dossier d&#039;information Santa Clara Marbella <a href=\"https:\/\/new.minisites.casadelmar.nl\/meer-informatie\/\"> Demander une brochure et une liste de prix <\/a><\/h4> \n\t\t\t\t\t<\/div>\n\t\t<\/div>\n\t<\/div>\n\t<\/div>\n\n<\/div>\n<\/div>\n\n<div  class=\"content_row row vc_row wpb_row  default-style fullwidth\" >\n\t\n\t<div class=\"content_row_wrapper  default\" >\n\t<div id=\"asdasd\" class=\"vc_col-sm-12 wpb_column vc_column_container\" >\n\t<div class=\"vc_column-inner\">\n\t\t<div class=\"wpb_wrapper\" >\n\t\t\t<div class=\"button_wrapper aligncenter\"><a  href=\"\/fr\/plus-dinformation\/\" target=\"_self\" title=\"&gt; plus d&#039;infos\" class=\"button_  style-2 small\">&gt; plus d&#039;infos<\/a><\/div>\n\t\t<\/div>\n\t<\/div>\n\t<\/div>\n\n<\/div>\n<\/div>\n<\/section>","protected":false},"excerpt":{"rendered":"<p>\u2026 <a class=\"more-link\" href=\"https:\/\/santaclara-marbella.com\/fr\/le-complexe\/\">continuer la lecture<\/a><\/p>","protected":false},"author":1,"featured_media":4402,"parent":0,"menu_order":3,"comment_status":"closed","ping_status":"closed","template":"","meta":{"footnotes":""},"class_list":["post-95","page","type-page","status-publish","has-post-thumbnail","hentry"],"yoast_head":"<!-- This site is optimized with the Yoast SEO plugin v26.0 - https:\/\/yoast.com\/wordpress\/plugins\/seo\/ -->\n<title>Villas Higueron - Santa Clara Marbella<\/title>\n<meta name=\"robots\" content=\"index, follow, max-snippet:-1, max-image-preview:large, max-video-preview:-1\" \/>\n<link rel=\"canonical\" href=\"https:\/\/santaclara-marbella.com\/fr\/le-complexe\/\" \/>\n<meta property=\"og:locale\" content=\"fr_FR\" \/>\n<meta property=\"og:type\" content=\"article\" \/>\n<meta property=\"og:title\" content=\"Villas Higueron - Santa Clara Marbella\" \/>\n<meta property=\"og:url\" content=\"https:\/\/santaclara-marbella.com\/fr\/le-complexe\/\" \/>\n<meta property=\"og:site_name\" content=\"Santa Clara Marbella\" \/>\n<meta property=\"article:modified_time\" content=\"2024-09-11T07:09:56+00:00\" \/>\n<meta property=\"og:image\" content=\"https:\/\/santaclara-marbella.com\/wp-content\/uploads\/sites\/29\/2022\/10\/santa-clara-marbella-terraces.jpg\" \/>\n\t<meta property=\"og:image:width\" content=\"1271\" \/>\n\t<meta property=\"og:image:height\" content=\"850\" \/>\n\t<meta property=\"og:image:type\" content=\"image\/jpeg\" \/>\n<meta name=\"twitter:card\" content=\"summary_large_image\" \/>\n<meta name=\"twitter:label1\" content=\"Dur\u00e9e de lecture estim\u00e9e\" \/>\n\t<meta name=\"twitter:data1\" content=\"5 minutes\" \/>\n<script type=\"application\/ld+json\" class=\"yoast-schema-graph\">{\"@context\":\"https:\/\/schema.org\",\"@graph\":[{\"@type\":\"WebPage\",\"@id\":\"https:\/\/santaclara-marbella.com\/het-complex\/\",\"url\":\"https:\/\/santaclara-marbella.com\/het-complex\/\",\"name\":\"Villas Higueron - Santa Clara Marbella\",\"isPartOf\":{\"@id\":\"https:\/\/santaclara-marbella.com\/#website\"},\"primaryImageOfPage\":{\"@id\":\"https:\/\/santaclara-marbella.com\/het-complex\/#primaryimage\"},\"image\":{\"@id\":\"https:\/\/santaclara-marbella.com\/het-complex\/#primaryimage\"},\"thumbnailUrl\":\"https:\/\/santaclara-marbella.com\/wp-content\/uploads\/sites\/29\/2022\/10\/santa-clara-marbella-terraces.jpg\",\"datePublished\":\"2022-01-27T10:58:29+00:00\",\"dateModified\":\"2024-09-11T07:09:56+00:00\",\"breadcrumb\":{\"@id\":\"https:\/\/santaclara-marbella.com\/het-complex\/#breadcrumb\"},\"inLanguage\":\"fr-FR\",\"potentialAction\":[{\"@type\":\"ReadAction\",\"target\":[\"https:\/\/santaclara-marbella.com\/het-complex\/\"]}]},{\"@type\":\"ImageObject\",\"inLanguage\":\"fr-FR\",\"@id\":\"https:\/\/santaclara-marbella.com\/het-complex\/#primaryimage\",\"url\":\"https:\/\/santaclara-marbella.com\/wp-content\/uploads\/sites\/29\/2022\/10\/santa-clara-marbella-terraces.jpg\",\"contentUrl\":\"https:\/\/santaclara-marbella.com\/wp-content\/uploads\/sites\/29\/2022\/10\/santa-clara-marbella-terraces.jpg\",\"width\":1271,\"height\":850},{\"@type\":\"BreadcrumbList\",\"@id\":\"https:\/\/santaclara-marbella.com\/het-complex\/#breadcrumb\",\"itemListElement\":[{\"@type\":\"ListItem\",\"position\":1,\"name\":\"Home\",\"item\":\"https:\/\/santaclara-marbella.com\/\"},{\"@type\":\"ListItem\",\"position\":2,\"name\":\"Villas Higueron\"}]},{\"@type\":\"WebSite\",\"@id\":\"https:\/\/santaclara-marbella.com\/#website\",\"url\":\"https:\/\/santaclara-marbella.com\/\",\"name\":\"Santa Clara Marbella\",\"description\":\"\",\"potentialAction\":[{\"@type\":\"SearchAction\",\"target\":{\"@type\":\"EntryPoint\",\"urlTemplate\":\"https:\/\/santaclara-marbella.com\/?s={search_term_string}\"},\"query-input\":{\"@type\":\"PropertyValueSpecification\",\"valueRequired\":true,\"valueName\":\"search_term_string\"}}],\"inLanguage\":\"fr-FR\"}]}<\/script>\n<!-- \/ Yoast SEO plugin. -->","yoast_head_json":{"title":"Villas Higueron - Santa Clara Marbella","robots":{"index":"index","follow":"follow","max-snippet":"max-snippet:-1","max-image-preview":"max-image-preview:large","max-video-preview":"max-video-preview:-1"},"canonical":"https:\/\/santaclara-marbella.com\/fr\/le-complexe\/","og_locale":"fr_FR","og_type":"article","og_title":"Villas Higueron - Santa Clara Marbella","og_url":"https:\/\/santaclara-marbella.com\/fr\/le-complexe\/","og_site_name":"Santa Clara Marbella","article_modified_time":"2024-09-11T07:09:56+00:00","og_image":[{"width":1271,"height":850,"url":"https:\/\/santaclara-marbella.com\/wp-content\/uploads\/sites\/29\/2022\/10\/santa-clara-marbella-terraces.jpg","type":"image\/jpeg"}],"twitter_card":"summary_large_image","twitter_misc":{"Dur\u00e9e de lecture estim\u00e9e":"5 minutes"},"schema":{"@context":"https:\/\/schema.org","@graph":[{"@type":"WebPage","@id":"https:\/\/santaclara-marbella.com\/het-complex\/","url":"https:\/\/santaclara-marbella.com\/het-complex\/","name":"Villas Higueron - Santa Clara Marbella","isPartOf":{"@id":"https:\/\/santaclara-marbella.com\/#website"},"primaryImageOfPage":{"@id":"https:\/\/santaclara-marbella.com\/het-complex\/#primaryimage"},"image":{"@id":"https:\/\/santaclara-marbella.com\/het-complex\/#primaryimage"},"thumbnailUrl":"https:\/\/santaclara-marbella.com\/wp-content\/uploads\/sites\/29\/2022\/10\/santa-clara-marbella-terraces.jpg","datePublished":"2022-01-27T10:58:29+00:00","dateModified":"2024-09-11T07:09:56+00:00","breadcrumb":{"@id":"https:\/\/santaclara-marbella.com\/het-complex\/#breadcrumb"},"inLanguage":"fr-FR","potentialAction":[{"@type":"ReadAction","target":["https:\/\/santaclara-marbella.com\/het-complex\/"]}]},{"@type":"ImageObject","inLanguage":"fr-FR","@id":"https:\/\/santaclara-marbella.com\/het-complex\/#primaryimage","url":"https:\/\/santaclara-marbella.com\/wp-content\/uploads\/sites\/29\/2022\/10\/santa-clara-marbella-terraces.jpg","contentUrl":"https:\/\/santaclara-marbella.com\/wp-content\/uploads\/sites\/29\/2022\/10\/santa-clara-marbella-terraces.jpg","width":1271,"height":850},{"@type":"BreadcrumbList","@id":"https:\/\/santaclara-marbella.com\/het-complex\/#breadcrumb","itemListElement":[{"@type":"ListItem","position":1,"name":"Home","item":"https:\/\/santaclara-marbella.com\/"},{"@type":"ListItem","position":2,"name":"Villas Higueron"}]},{"@type":"WebSite","@id":"https:\/\/santaclara-marbella.com\/#website","url":"https:\/\/santaclara-marbella.com\/","name":"Santa ClaraMarbella","description":"","potentialAction":[{"@type":"SearchAction","target":{"@type":"EntryPoint","urlTemplate":"https:\/\/santaclara-marbella.com\/?s={search_term_string}"},"query-input":{"@type":"PropertyValueSpecification","valueRequired":true,"valueName":"search_term_string"}}],"inLanguage":"fr-FR"}]}},"_links":{"self":[{"href":"https:\/\/santaclara-marbella.com\/fr\/wp-json\/wp\/v2\/pages\/95","targetHints":{"allow":["GET"]}}],"collection":[{"href":"https:\/\/santaclara-marbella.com\/fr\/wp-json\/wp\/v2\/pages"}],"about":[{"href":"https:\/\/santaclara-marbella.com\/fr\/wp-json\/wp\/v2\/types\/page"}],"author":[{"embeddable":true,"href":"https:\/\/santaclara-marbella.com\/fr\/wp-json\/wp\/v2\/users\/1"}],"replies":[{"embeddable":true,"href":"https:\/\/santaclara-marbella.com\/fr\/wp-json\/wp\/v2\/comments?post=95"}],"version-history":[{"count":56,"href":"https:\/\/santaclara-marbella.com\/fr\/wp-json\/wp\/v2\/pages\/95\/revisions"}],"predecessor-version":[{"id":4423,"href":"https:\/\/santaclara-marbella.com\/fr\/wp-json\/wp\/v2\/pages\/95\/revisions\/4423"}],"wp:featuredmedia":[{"embeddable":true,"href":"https:\/\/santaclara-marbella.com\/fr\/wp-json\/wp\/v2\/media\/4402"}],"wp:attachment":[{"href":"https:\/\/santaclara-marbella.com\/fr\/wp-json\/wp\/v2\/media?parent=95"}],"curies":[{"name":"wp","href":"https:\/\/api.w.org\/{rel}","templated":true}]}}