{"id":95,"date":"2022-01-27T10:58:29","date_gmt":"2022-01-27T10:58:29","guid":{"rendered":"http:\/\/cognito.mprinsdesign.nl\/?page_id=95"},"modified":"2024-09-11T07:09:56","modified_gmt":"2024-09-11T07:09:56","slug":"il-complesso","status":"publish","type":"page","link":"https:\/\/santaclara-marbella.com\/it\/il-complesso\/","title":{"rendered":"Villa Higueron"},"content":{"rendered":"<section class=\"wpb-content-wrapper\"><div  class=\"content_row row page-content vc_row wpb_row  default-style fullwidth\" >\n\t\n\t<div class=\"content_row_wrapper  default\" >\n\t<div id=\"asdasd\" class=\"vc_col-sm-12 wpb_column vc_column_container\" >\n\t<div class=\"vc_column-inner\">\n\t\t<div class=\"wpb_wrapper\" >\n\t\t\t<div class=\"rt_heading_wrapper no-style\">\n\t\t\t\t\t\t<h1 class=\"rt_heading  no-style\"  style=\"font-size:24px;margin-top:24px;margin-bottom:0px;\">Santa Clara - <span class=\"after_h1\">Marbella<\/span><\/h1> \n\t\t\t\t\t<\/div><div class=\"vc_empty_space\"   style=\"height: 32px\"><span class=\"vc_empty_space_inner\"><\/span><\/div><div class=\"vc_separator wpb_content_element vc_separator_align_center vc_sep_width_100 vc_sep_style-4 vc_sep_pos_align_center vc_separator_no_text vc_sep_color_grey\" ><span class=\"vc_sep_holder vc_sep_holder_l\"><span class=\"vc_sep_line\"><\/span><\/span><span class=\"vc_sep_holder vc_sep_holder_r\"><span class=\"vc_sep_line\"><\/span><\/span>\n<\/div><div class=\"vc_empty_space\"   style=\"height: 32px\"><span class=\"vc_empty_space_inner\"><\/span><\/div>\n\t<div class=\"wpb_text_column wpb_content_element\" >\n\t\t<div class=\"wpb_wrapper\">\n\t\t\t<div class=\"\">\n<p>Santa Clara \u00e8 un nuovo complesso all&#039;avanguardia proprio su uno dei migliori campi da golf della Costa del Sol. Vista panoramica sul golf e sul mare. Vicino al centro storico di Marbella ea 1 km dalle spiagge pi\u00f9 belle di Marbella.<\/p>\n<p>&nbsp;<\/p>\n<p><span style=\"font-weight: 400;\">AVVIO DELLE VENDITE \u2013 FASE 1\u00a0<\/span><\/p>\n<p>&nbsp;<\/p>\n<p><span style=\"font-weight: 400;\">Situato sulla prima linea del Santa Clara Golf, con vista sul fairway 14. Un totale di 104 case con tre e quattro camere da letto superer\u00e0 le tue aspettative e realizzer\u00e0 il tuo sogno di vivere i momenti migliori nella migliore posizione possibile. Santa Clara Living si trova nella parte orientale di Marbella, a pochi chilometri dall&#039;ingresso della citt\u00e0. Fantastici complessi di golf, istruzione e strutture sanitarie di prima classe e senza dubbio le migliori spiagge di Marbella. <\/span><\/p>\n<p><span style=\"font-weight: 400;\">Questa posizione privilegiata ti d\u00e0 accesso a un&#039;ampia variet\u00e0 di ristoranti, stabilimenti balneari e centri ricreativi entro un raggio di 10 minuti. Santa Clara Living ha accesso diretto alle autostrade (A-7 e AP-7) che portano a Marbella e Puerto Ban\u00fas, una variet\u00e0 di campi da golf e il resto delle citt\u00e0 della Costa del Sol. <\/span><\/p>\n<p><span style=\"font-weight: 400;\">Gli aeroporti regionali di Malaga e Gibilterra forniscono collegamenti facili e veloci con destinazioni in tutto il mondo. Goditi una vivace zona residenziale piena di possibilit\u00e0. Questo complesso perfettamente posizionato \u00e8 stato progettato per fornire un senso di relax in uno spazio aperto. Le propriet\u00e0 offrono una scelta di viste; puoi goderti le lunghe serate estive in propriet\u00e0 al piano terra con ampie terrazze e giardini spettacolari o spettacolari appartamenti attici con viste panoramiche mozzafiato sul campo da golf e sulla zona circostante. <\/span><\/p>\n<p><span style=\"font-weight: 400;\">Design contemporaneo e alta qualit\u00e0 in un complesso recintato di fronte al campo da golf con splendidi giardini paesaggistici con pini secolari e ampi spazi esterni per il divertimento in famiglia con il massimo livello di privacy possibile. Le moderne ed eleganti strutture sportive e ricreative nel cuore di Santa Clara Living occuperanno senza dubbio gran parte del tuo tempo. Ma non si tratta solo di prendersi cura del proprio corpo, sappiamo che stai cercando un posto dove fuggire dal trambusto della vita quotidiana. Santa Clara Living ha cercato di portare la sensazione aperta dell&#039;ambiente naturale nel design di ogni casa. <\/span><\/p>\n<p><span style=\"font-weight: 400;\">Le zone giorno combinate eccezionalmente spaziose migliorano il senso di integrazione e armonia con l&#039;ambiente locale. Grandi pavimenti in gres porcellanato, zone giorno e cucina combinate e ampie finestre sia nelle camere da letto che nel soggiorno beneficiano di luce naturale in ogni momento della giornata. Spettacolari terrazze sono perfette per pranzare all&#039;aperto e rilassarsi in ottima compagnia. Le cucine sono progettate come parte integrante dello spazio abitativo per creare uno spazio abitativo luminoso e spazioso che pu\u00f2 essere utilizzato durante tutto il giorno. Le specifiche riflettono la qualit\u00e0 che ti aspetteresti da un progetto di fascia alta, con controsoffitti in quarzo, elettrodomestici da incasso e illuminazione a LED integrata per calore e raffinatezza. Nei bagni, l&#039;eleganza del gres porcellanato di grande formato riflette il nostro impegno globale per la qualit\u00e0 e il design.\u00a0<\/span><\/p>\n<ul>\n<li style=\"font-weight: 400;\" aria-level=\"1\"><span style=\"font-weight: 400;\">Le ville con giardino con 3 camere da letto e 3,5 bagni misurano 140 m\u00b2 pi\u00f9 66 m\u00b2 di terrazza pi\u00f9 123 m\u00b2 di giardino. Da 1.100.000 euro.\u00a0<\/span><\/li>\n<li style=\"font-weight: 400;\" aria-level=\"1\"><span style=\"font-weight: 400;\">Gli attici con 3 camere da letto e 3,5 bagni misurano 150 m\u00b2 pi\u00f9 45 m\u00b2 di terrazza dal soggiorno e 50 m\u00b2 di terrazza sul tetto. Da 1.180.000 euro.\u00a0<\/span><\/li>\n<li style=\"font-weight: 400;\" aria-level=\"1\"><span style=\"font-weight: 400;\">Le ville con giardino con 4 camere da letto e 3,5 bagni misurano 214 m\u00b2 pi\u00f9 80 m\u00b2 di terrazzo dal soggiorno e 280 m\u00b2 di giardino. Da 1.300.000 euro.\u00a0<\/span><\/li>\n<li style=\"font-weight: 400;\" aria-level=\"1\"><span style=\"font-weight: 400;\">Gli attici con 4 camere da letto e 3,5 bagni misurano 175 m\u00b2 pi\u00f9 53 m\u00b2 di terrazza dal soggiorno e 65 m\u00b2 di terrazza sul tetto. Da 1.360.000 euro.<\/span><\/li>\n<\/ul>\n<p>&nbsp;<\/p>\n<\/div>\n\n\t\t<\/div>\n\t<\/div>\n\n\t\t<\/div>\n\t<\/div>\n\t<\/div>\n\n<\/div>\n<\/div>\n\n<div  class=\"content_row row page-content vc_row wpb_row  default-style fullwidth\" style=\"background-color: #bbac8c;\">\n\t\n\t<div class=\"content_row_wrapper  default\" >\n\t<div id=\"asdasd\" class=\"vc_col-sm-12 wpb_column vc_column_container\" >\n\t<div class=\"vc_column-inner\">\n\t\t<div class=\"wpb_wrapper\" >\n\t\t\t<div class=\"rt_heading_wrapper no-style\">\n\t\t\t\t\t\t<h1 class=\"rt_heading  no-style\"  style=\"font-size:24px;margin-top:24px;margin-bottom:0px;\">Caratteristiche - <span class=\"after_h1 white\">Villa Higueron<\/span><\/h1> \n\t\t\t\t\t<\/div><div class=\"vc_empty_space\"   style=\"height: 32px\"><span class=\"vc_empty_space_inner\"><\/span><\/div><div class=\"vc_separator wpb_content_element vc_separator_align_center vc_sep_width_100 vc_sep_style-4 vc_sep_pos_align_center vc_separator_no_text vc_sep_color_grey\" ><span class=\"vc_sep_holder vc_sep_holder_l\"><span class=\"vc_sep_line\"><\/span><\/span><span class=\"vc_sep_holder vc_sep_holder_r\"><span class=\"vc_sep_line\"><\/span><\/span>\n<\/div>\n\t<div class=\"wpb_text_column wpb_content_element\" >\n\t\t<div class=\"wpb_wrapper\">\n\t\t\t\t \n\t\t<div  class=\"bullet-list style-1  check\">\n\t\t<ul>\n<li>ville giardino<\/li>\n<li>attici<\/li>\n<li>terrazze spettacolari<\/li>\n<li><span style=\"font-weight: 400;\">attrezzature di alta qualit\u00e0<\/span><\/li>\n<li>prezzi da \u20ac 959.000.<\/li>\n<\/ul>\n\n\t\t<\/div>\n\t\n\n\t\t<\/div>\n\t<\/div>\n\n\t\t<\/div>\n\t<\/div>\n\t<\/div>\n\n<\/div>\n<\/div>\n\n<div  class=\"content_row row quote-row vc_row wpb_row  default-style fullwidth\" style=\"background-color: #fcfcfc;\">\n\t\n\t<div class=\"content_row_wrapper  fullwidth\" >\n\t<div id=\"asdasd\" class=\"vc_col-sm-12 wpb_column vc_column_container vc_custom_1644925648982\" >\n\t<div class=\"vc_column-inner\">\n\t\t<div class=\"wpb_wrapper\" >\n\t\t\t<div class=\"rt_heading_wrapper style-3\">\n\t\t\t\t\t\t<h4 class=\"rt_heading serif quote-max-width style-3\" >Pacchetto informativo Santa Clara Marbella <a href=\"https:\/\/new.minisites.casadelmar.nl\/meer-informatie\/\"> Richiedi depliant e listino prezzi <\/a><\/h4> \n\t\t\t\t\t<\/div>\n\t\t<\/div>\n\t<\/div>\n\t<\/div>\n\n<\/div>\n<\/div>\n\n<div  class=\"content_row row vc_row wpb_row  default-style fullwidth\" >\n\t\n\t<div class=\"content_row_wrapper  default\" >\n\t<div id=\"asdasd\" class=\"vc_col-sm-12 wpb_column vc_column_container\" >\n\t<div class=\"vc_column-inner\">\n\t\t<div class=\"wpb_wrapper\" >\n\t\t\t<div class=\"button_wrapper aligncenter\"><a  href=\"\/it\/maggiori-informazioni\/\" target=\"_self\" title=\"&gt; maggiori informazioni\" class=\"button_  style-2 small\">&gt; maggiori informazioni<\/a><\/div>\n\t\t<\/div>\n\t<\/div>\n\t<\/div>\n\n<\/div>\n<\/div>\n<\/section>","protected":false},"excerpt":{"rendered":"<p>\u2026 <a class=\"more-link\" href=\"https:\/\/santaclara-marbella.com\/it\/il-complesso\/\">Continua a leggere<\/a><\/p>","protected":false},"author":1,"featured_media":4402,"parent":0,"menu_order":3,"comment_status":"closed","ping_status":"closed","template":"","meta":{"footnotes":""},"class_list":["post-95","page","type-page","status-publish","has-post-thumbnail","hentry"],"yoast_head":"<!-- This site is optimized with the Yoast SEO plugin v26.0 - https:\/\/yoast.com\/wordpress\/plugins\/seo\/ -->\n<title>Villas Higueron - Santa Clara Marbella<\/title>\n<meta name=\"robots\" content=\"index, follow, max-snippet:-1, max-image-preview:large, max-video-preview:-1\" \/>\n<link rel=\"canonical\" href=\"https:\/\/santaclara-marbella.com\/it\/il-complesso\/\" \/>\n<meta property=\"og:locale\" content=\"it_IT\" \/>\n<meta property=\"og:type\" content=\"article\" \/>\n<meta property=\"og:title\" content=\"Villas Higueron - Santa Clara Marbella\" \/>\n<meta property=\"og:url\" content=\"https:\/\/santaclara-marbella.com\/it\/il-complesso\/\" \/>\n<meta property=\"og:site_name\" content=\"Santa Clara Marbella\" \/>\n<meta property=\"article:modified_time\" content=\"2024-09-11T07:09:56+00:00\" \/>\n<meta property=\"og:image\" content=\"https:\/\/santaclara-marbella.com\/wp-content\/uploads\/sites\/29\/2022\/10\/santa-clara-marbella-terraces.jpg\" \/>\n\t<meta property=\"og:image:width\" content=\"1271\" \/>\n\t<meta property=\"og:image:height\" content=\"850\" \/>\n\t<meta property=\"og:image:type\" content=\"image\/jpeg\" \/>\n<meta name=\"twitter:card\" content=\"summary_large_image\" \/>\n<meta name=\"twitter:label1\" content=\"Tempo di lettura stimato\" \/>\n\t<meta name=\"twitter:data1\" content=\"5 minuti\" \/>\n<script type=\"application\/ld+json\" class=\"yoast-schema-graph\">{\"@context\":\"https:\/\/schema.org\",\"@graph\":[{\"@type\":\"WebPage\",\"@id\":\"https:\/\/santaclara-marbella.com\/het-complex\/\",\"url\":\"https:\/\/santaclara-marbella.com\/het-complex\/\",\"name\":\"Villas Higueron - Santa Clara Marbella\",\"isPartOf\":{\"@id\":\"https:\/\/santaclara-marbella.com\/#website\"},\"primaryImageOfPage\":{\"@id\":\"https:\/\/santaclara-marbella.com\/het-complex\/#primaryimage\"},\"image\":{\"@id\":\"https:\/\/santaclara-marbella.com\/het-complex\/#primaryimage\"},\"thumbnailUrl\":\"https:\/\/santaclara-marbella.com\/wp-content\/uploads\/sites\/29\/2022\/10\/santa-clara-marbella-terraces.jpg\",\"datePublished\":\"2022-01-27T10:58:29+00:00\",\"dateModified\":\"2024-09-11T07:09:56+00:00\",\"breadcrumb\":{\"@id\":\"https:\/\/santaclara-marbella.com\/het-complex\/#breadcrumb\"},\"inLanguage\":\"it-IT\",\"potentialAction\":[{\"@type\":\"ReadAction\",\"target\":[\"https:\/\/santaclara-marbella.com\/het-complex\/\"]}]},{\"@type\":\"ImageObject\",\"inLanguage\":\"it-IT\",\"@id\":\"https:\/\/santaclara-marbella.com\/het-complex\/#primaryimage\",\"url\":\"https:\/\/santaclara-marbella.com\/wp-content\/uploads\/sites\/29\/2022\/10\/santa-clara-marbella-terraces.jpg\",\"contentUrl\":\"https:\/\/santaclara-marbella.com\/wp-content\/uploads\/sites\/29\/2022\/10\/santa-clara-marbella-terraces.jpg\",\"width\":1271,\"height\":850},{\"@type\":\"BreadcrumbList\",\"@id\":\"https:\/\/santaclara-marbella.com\/het-complex\/#breadcrumb\",\"itemListElement\":[{\"@type\":\"ListItem\",\"position\":1,\"name\":\"Home\",\"item\":\"https:\/\/santaclara-marbella.com\/\"},{\"@type\":\"ListItem\",\"position\":2,\"name\":\"Villas Higueron\"}]},{\"@type\":\"WebSite\",\"@id\":\"https:\/\/santaclara-marbella.com\/#website\",\"url\":\"https:\/\/santaclara-marbella.com\/\",\"name\":\"Santa Clara Marbella\",\"description\":\"\",\"potentialAction\":[{\"@type\":\"SearchAction\",\"target\":{\"@type\":\"EntryPoint\",\"urlTemplate\":\"https:\/\/santaclara-marbella.com\/?s={search_term_string}\"},\"query-input\":{\"@type\":\"PropertyValueSpecification\",\"valueRequired\":true,\"valueName\":\"search_term_string\"}}],\"inLanguage\":\"it-IT\"}]}<\/script>\n<!-- \/ Yoast SEO plugin. -->","yoast_head_json":{"title":"Ville Higueron - Santa Clara Marbella","robots":{"index":"index","follow":"follow","max-snippet":"max-snippet:-1","max-image-preview":"max-image-preview:large","max-video-preview":"max-video-preview:-1"},"canonical":"https:\/\/santaclara-marbella.com\/it\/il-complesso\/","og_locale":"it_IT","og_type":"article","og_title":"Villas Higueron - Santa Clara Marbella","og_url":"https:\/\/santaclara-marbella.com\/it\/il-complesso\/","og_site_name":"Santa Clara Marbella","article_modified_time":"2024-09-11T07:09:56+00:00","og_image":[{"width":1271,"height":850,"url":"https:\/\/santaclara-marbella.com\/wp-content\/uploads\/sites\/29\/2022\/10\/santa-clara-marbella-terraces.jpg","type":"image\/jpeg"}],"twitter_card":"summary_large_image","twitter_misc":{"Tempo di lettura stimato":"5 minuti"},"schema":{"@context":"https:\/\/schema.org","@graph":[{"@type":"WebPage","@id":"https:\/\/santaclara-marbella.com\/het-complex\/","url":"https:\/\/santaclara-marbella.com\/het-complex\/","name":"Ville Higueron - Santa Clara Marbella","isPartOf":{"@id":"https:\/\/santaclara-marbella.com\/#website"},"primaryImageOfPage":{"@id":"https:\/\/santaclara-marbella.com\/het-complex\/#primaryimage"},"image":{"@id":"https:\/\/santaclara-marbella.com\/het-complex\/#primaryimage"},"thumbnailUrl":"https:\/\/santaclara-marbella.com\/wp-content\/uploads\/sites\/29\/2022\/10\/santa-clara-marbella-terraces.jpg","datePublished":"2022-01-27T10:58:29+00:00","dateModified":"2024-09-11T07:09:56+00:00","breadcrumb":{"@id":"https:\/\/santaclara-marbella.com\/het-complex\/#breadcrumb"},"inLanguage":"it-IT","potentialAction":[{"@type":"ReadAction","target":["https:\/\/santaclara-marbella.com\/het-complex\/"]}]},{"@type":"ImageObject","inLanguage":"it-IT","@id":"https:\/\/santaclara-marbella.com\/het-complex\/#primaryimage","url":"https:\/\/santaclara-marbella.com\/wp-content\/uploads\/sites\/29\/2022\/10\/santa-clara-marbella-terraces.jpg","contentUrl":"https:\/\/santaclara-marbella.com\/wp-content\/uploads\/sites\/29\/2022\/10\/santa-clara-marbella-terraces.jpg","width":1271,"height":850},{"@type":"BreadcrumbList","@id":"https:\/\/santaclara-marbella.com\/het-complex\/#breadcrumb","itemListElement":[{"@type":"ListItem","position":1,"name":"Home","item":"https:\/\/santaclara-marbella.com\/"},{"@type":"ListItem","position":2,"name":"Villas Higueron"}]},{"@type":"WebSite","@id":"https:\/\/santaclara-marbella.com\/#website","url":"https:\/\/santaclara-marbella.com\/","name":"Santa Chiara Marbella","description":"","potentialAction":[{"@type":"SearchAction","target":{"@type":"EntryPoint","urlTemplate":"https:\/\/santaclara-marbella.com\/?s={search_term_string}"},"query-input":{"@type":"PropertyValueSpecification","valueRequired":true,"valueName":"search_term_string"}}],"inLanguage":"it-IT"}]}},"_links":{"self":[{"href":"https:\/\/santaclara-marbella.com\/it\/wp-json\/wp\/v2\/pages\/95","targetHints":{"allow":["GET"]}}],"collection":[{"href":"https:\/\/santaclara-marbella.com\/it\/wp-json\/wp\/v2\/pages"}],"about":[{"href":"https:\/\/santaclara-marbella.com\/it\/wp-json\/wp\/v2\/types\/page"}],"author":[{"embeddable":true,"href":"https:\/\/santaclara-marbella.com\/it\/wp-json\/wp\/v2\/users\/1"}],"replies":[{"embeddable":true,"href":"https:\/\/santaclara-marbella.com\/it\/wp-json\/wp\/v2\/comments?post=95"}],"version-history":[{"count":56,"href":"https:\/\/santaclara-marbella.com\/it\/wp-json\/wp\/v2\/pages\/95\/revisions"}],"predecessor-version":[{"id":4423,"href":"https:\/\/santaclara-marbella.com\/it\/wp-json\/wp\/v2\/pages\/95\/revisions\/4423"}],"wp:featuredmedia":[{"embeddable":true,"href":"https:\/\/santaclara-marbella.com\/it\/wp-json\/wp\/v2\/media\/4402"}],"wp:attachment":[{"href":"https:\/\/santaclara-marbella.com\/it\/wp-json\/wp\/v2\/media?parent=95"}],"curies":[{"name":"wp","href":"https:\/\/api.w.org\/{rel}","templated":true}]}}